{"id":786,"date":"2023-07-28T15:26:05","date_gmt":"2023-07-28T13:26:05","guid":{"rendered":"https:\/\/humopizza.com\/?page_id=786"},"modified":"2025-10-28T17:31:47","modified_gmt":"2025-10-28T16:31:47","slug":"menu-2","status":"publish","type":"page","link":"https:\/\/humopizza.com\/fr\/menu-2\/","title":{"rendered":"Menu"},"content":{"rendered":"\n<h3 class=\"wp-block-heading\" id=\"entrantes\">Entr\u00e9es<\/h3>\n\n\n\n<figure class=\"wp-block-table\"><table><tbody><tr><td><\/td><td>Olives assaissonn\u00e9es<\/td><td>3.5<\/td><\/tr><tr><td><\/td><td>Pommes de terre \u00e9pic\u00e9es<br><span style=\"font-size:15px\">(Avec sauce brava et mayonnaise maison)<\/span><\/td><td>7<\/td><\/tr><tr><td><\/td><td>Falafel<br><span style=\"font-size:15px\">(Croquettes de pois chiches, pico de gallo et sauce au yaourt.)<\/span><\/td><td>8<\/td><\/tr><tr><td><\/td><td>Natxos<br><span style=\"font-size:15px\">(Avec viande chili maison, sauce au fromage et pico de gallo)<\/span><\/td><td>7 \/ 12<\/td><\/tr><tr><td><\/td><td>Salchipapas<br><span style=\"font-size:15px\">(Frites, saucisses artisanales, \u0153ufs et sauce emmy avec une touche \u00e9pic\u00e9e)<\/span><\/td><td>13<\/td><\/tr><\/tbody><\/table><\/figure>\n\n\n\n<h3 class=\"wp-block-heading\" id=\"pizza\">Sandwichs<\/h3>\n\n\n\n<figure class=\"wp-block-table\"><table><tbody><tr><td>1<\/td><td>Poulet frit, fromage, chutney de tomates et salade de chou<\/td><td>11.8<\/td><\/tr><tr><td>2<\/td><td>Boeuf pepito, fromage, poivrons piquillo, oignon et mayonnaise maison<\/td><td>12.5<\/td><\/tr><tr><td>3<\/td><td>Hamburger, cheddar, bacon, laitue, tomate, cornichons et mayonnaise<\/td><td>12.5<\/td><\/tr><tr><td>4<\/td><td>Poulet asiatique. Poulet frit, cornichons, laitue et sauce emmy avec une touche \u00e9pic\u00e9e<\/td><td>11.8<\/td><\/tr><tr><td>5<\/td><td>Champignons et jaune d&rsquo;\u0153uf, m\u00e9lange de fromages bleu, ch\u00e8vre, Edam et roquette<\/td><td>9.2<\/td><\/tr><tr><td>6<\/td><td>Cubanito. Longe r\u00f4tie, fromage Edam, cornichons, moutarde et jambon cuit<\/td><td>9.5<\/td><\/tr><tr><td>7<\/td><td>Bikini jambon cuit et fromage Edam<\/td><td>7.5<\/td><\/tr><tr><td>8<\/td><td>Falafel. Croquettes v\u00e9g\u00e9tales, sauce au yogurt, laitue, tomate, concombre et une touche de sriracha. V\u00e9g\u00e9talien<\/td><td>9.5<\/td><\/tr><tr><td>9<\/td><td>Hot dog avec saucisse maison, fromage, pommes de terre paille et mayonnaise maison.<\/td><td>9<\/td><\/tr><tr><td>10<\/td><td>Secreto ib\u00e9rique, fromage Edam, champignons, \u0153uf et mayonnaise maison.<\/td><td>11.8<\/td><\/tr><tr><td>11<\/td><td>Omelette de pommes de terre, bacon r\u00f4ti et oignon croustillant<\/td><td>11.5<\/td><\/tr><\/tbody><\/table><\/figure>\n\n\n\n<h3 class=\"wp-block-heading\" id=\"postres\">Desserts<\/h3>\n\n\n\n<figure class=\"wp-block-table\"><table><tbody><tr><td><\/td><td>Biscuits avec glace<\/td><td>4.2<\/td><\/tr><tr><td><\/td><td>Glaces<br><span style=\"font-size:15px\">(demandez-nous les saveurs du jour)<\/span><\/td><td>4.5<\/td><\/tr><tr><td><\/td><td>Affogato<br><span style=\"font-size:15px\">(caf\u00e9 avec glace<\/span>)<span style=\"font-size:15px\"><img loading=\"lazy\" decoding=\"async\" height=\"16\" width=\"16\" src=\"data:image\/png;base64,iVBORw0KGgoAAAANSUhEUgAAABQAAAAUCAQAAAAngNWGAAABDUlEQVR4AYXRgUZDYRjH4TegFTKgpEqiFJgoWAoMEQGBgBboChaaAKxLKAhAhQqAdAmpBIQolkCFqp2nITvNKXuA7+\/Hhzey5OWjE4Nq3rzY1f9\/NGHPB549492+8Ww060iCS2XdctZdI3GsECmb+HJoIX6x6EgDm+lURTH+YB7V9nAqE5WNme4YKuOiY6iMe6PaQxUUIuTbswgFVNJwA8sO3Bn6yR6bWZMSNtJwDtuWfHpQxaPx9C9zadil7jrCigbq6UXceNIVKTWUIqypm2ytJdTiNyNeXclF6GttOVfeDEc7qzjR23r3OMFqZKng1kw0mXGLrfibHTScOZWgGv9TdC6ROFeMTgwYiIxvJzMRWQbeGZUAAAAASUVORK5CYII=\" alt=\"Icono de Validado por la comunidad\"><\/span><\/td><td>5<\/td><\/tr><\/tbody><\/table><\/figure>\n\n\n\n<h3 class=\"wp-block-heading\" id=\"bebidas\">Boissons<\/h3>\n\n\n\n<figure class=\"wp-block-table\"><table><tbody><tr><td><\/td><td>Vin rouge. Verre<\/td><td>2.7<\/td><\/tr><tr><td><\/td><td>Vin blanc. Verre<\/td><td>2.7<\/td><\/tr><tr><td><\/td><td>Bi\u00e8re. Verre<\/td><td>2.7<\/td><\/tr><tr><td><\/td><td>Vi\u00e8re. Demi-verre<\/td><td>1.6<\/td><\/tr><tr><td><\/td><td>Eau gazeuse<\/td><td>2.7<\/td><\/tr><tr><td><\/td><td>Boissons<\/td><td>2.8<\/td><\/tr><tr><td><\/td><td>Caf\u00e9 noir<\/td><td>1.6<\/td><\/tr><tr><td><\/td><td>Cortado<\/td><td>1.6<\/td><\/tr><tr><td><\/td><td>Caf\u00e9 au lait<\/td><td>1.8<\/td><\/tr><tr><td><\/td><td>Infusions<\/td><td>2<\/td><\/tr><tr><td><\/td><td>Cidre<\/td><td>7<\/td><\/tr><\/tbody><\/table><\/figure>\n\n\n\n<h3 class=\"wp-block-heading\" id=\"bebidas\">Bi\u00e8res artisanales<\/h3>\n\n\n\n<figure class=\"wp-block-table\"><table><tbody><tr><td><\/td><td>Baga Biga. Green Jungle &#8211; DDH IPA 33cl<\/td><td class=\"has-text-align-right\" data-align=\"right\">5<\/td><\/tr><tr><td><\/td><td>Baga Biga. Russian Red &#8211; Red Ale 33cl<\/td><td class=\"has-text-align-right\" data-align=\"right\">5<\/td><\/tr><tr><td><\/td><td>Baga Biga. Blat &#8211; Wheat 33cl<\/td><td class=\"has-text-align-right\" data-align=\"right\">5<\/td><\/tr><tr><td><\/td><td>Basqueland. Touch\u00e9 &#8211; Hazy IPA 44cl<\/td><td class=\"has-text-align-right\" data-align=\"right\">7.5<\/td><\/tr><tr><td><\/td><td>Basqueland. Bon Bon Bonanza &#8211; Imperial Porter 44cl<\/td><td class=\"has-text-align-right\" data-align=\"right\">9.6<\/td><\/tr><tr><td><\/td><td>Basqueland. Zumo &#8211; Hazy IPA 44cl<\/td><td class=\"has-text-align-right\" data-align=\"right\">6.9<\/td><\/tr><tr><td><\/td><td>Basqueland. Santa Clara &#8211; Helles Lager 44cl<\/td><td class=\"has-text-align-right\" data-align=\"right\">5.9<\/td><\/tr><\/tbody><\/table><\/figure>\n\n\n\n<h3 class=\"wp-block-heading\" id=\"bebidas\">Vins<\/h3>\n\n\n\n<figure class=\"wp-block-table\"><table><tbody><tr><td><\/td><td>Vi\u00f1a Zorzal. Chardonnay 2022<\/td><td>16<\/td><\/tr><tr><td><\/td><td>Hijos de Alberto Gutierrez. Verdejo Rueda<\/td><td>15.6<\/td><\/tr><tr><td><\/td><td>Agerre. Txakoli 2022<\/td><td>16.5<\/td><\/tr><\/tbody><\/table><\/figure>\n\n\n\n<hr class=\"wp-block-separator has-css-opacity is-style-dots\"\/>\n\n\n\n<p class=\"has-text-align-center\"><a href=\"https:\/\/humopizza.com\/fr\/alergenos\/\" target=\"_blank\" rel=\"noreferrer noopener sponsored nofollow\">Allerg\u00e8nes<\/a><\/p>\n","protected":false},"excerpt":{"rendered":"Entr\u00e9es Olives assaissonn\u00e9es 3.5 Pommes de terre \u00e9pic\u00e9es(Avec sauce brava et mayonnaise maison) 7 Falafel(Croquettes de pois chiches, pico de gallo et sauce au yaourt.) 8 Natxos(Avec viande chili maison, sauce au fromage et pico de gallo) 7 \/ 12 Salchipapas(Frites, saucisses artisanales, \u0153ufs et sauce emmy avec une touche \u00e9pic\u00e9e) 13 Sandwichs 1 Poulet [&hellip;]","protected":false},"author":1,"featured_media":0,"parent":0,"menu_order":0,"comment_status":"closed","ping_status":"closed","template":"page-carta-entrepanes.php","meta":{"_uag_custom_page_level_css":"","footnotes":""},"class_list":["post-786","page","type-page","status-publish","hentry"],"yoast_head":"<!-- This site is optimized with the Yoast SEO plugin v27.3 - https:\/\/yoast.com\/product\/yoast-seo-wordpress\/ -->\n<title>Menu &#8226; Humo<\/title>\n<meta name=\"robots\" content=\"index, follow, max-snippet:-1, max-image-preview:large, max-video-preview:-1\" \/>\n<link rel=\"canonical\" href=\"https:\/\/humopizza.com\/fr\/menu-2\/\" \/>\n<meta property=\"og:locale\" content=\"fr_FR\" \/>\n<meta property=\"og:type\" content=\"article\" \/>\n<meta property=\"og:title\" content=\"Menu &#8226; Humo\" \/>\n<meta property=\"og:description\" content=\"Entr\u00e9es Olives assaissonn\u00e9es 3.5 Pommes de terre \u00e9pic\u00e9es(Avec sauce brava et mayonnaise maison) 7 Falafel(Croquettes de pois chiches, pico de gallo et sauce au yaourt.) 8 Natxos(Avec viande chili maison, sauce au fromage et pico de gallo) 7 \/ 12 Salchipapas(Frites, saucisses artisanales, \u0153ufs et sauce emmy avec une touche \u00e9pic\u00e9e) 13 Sandwichs 1 Poulet [&hellip;]\" \/>\n<meta property=\"og:url\" content=\"https:\/\/humopizza.com\/fr\/menu-2\/\" \/>\n<meta property=\"og:site_name\" content=\"Humo\" \/>\n<meta property=\"article:modified_time\" content=\"2025-10-28T16:31:47+00:00\" \/>\n<meta name=\"twitter:card\" content=\"summary_large_image\" \/>\n<meta name=\"twitter:label1\" content=\"Dur\u00e9e de lecture estim\u00e9e\" \/>\n\t<meta name=\"twitter:data1\" content=\"2 minutes\" \/>\n<script type=\"application\/ld+json\" class=\"yoast-schema-graph\">{\"@context\":\"https:\\\/\\\/schema.org\",\"@graph\":[{\"@type\":\"WebPage\",\"@id\":\"https:\\\/\\\/humopizza.com\\\/fr\\\/menu-2\\\/\",\"url\":\"https:\\\/\\\/humopizza.com\\\/fr\\\/menu-2\\\/\",\"name\":\"Menu &#8226; Humo\",\"isPartOf\":{\"@id\":\"https:\\\/\\\/humopizza.com\\\/fr\\\/#website\"},\"datePublished\":\"2023-07-28T13:26:05+00:00\",\"dateModified\":\"2025-10-28T16:31:47+00:00\",\"breadcrumb\":{\"@id\":\"https:\\\/\\\/humopizza.com\\\/fr\\\/menu-2\\\/#breadcrumb\"},\"inLanguage\":\"fr-FR\",\"potentialAction\":[{\"@type\":\"ReadAction\",\"target\":[\"https:\\\/\\\/humopizza.com\\\/fr\\\/menu-2\\\/\"]}]},{\"@type\":\"BreadcrumbList\",\"@id\":\"https:\\\/\\\/humopizza.com\\\/fr\\\/menu-2\\\/#breadcrumb\",\"itemListElement\":[{\"@type\":\"ListItem\",\"position\":1,\"name\":\"Portada\",\"item\":\"https:\\\/\\\/humopizza.com\\\/fr\\\/\"},{\"@type\":\"ListItem\",\"position\":2,\"name\":\"Menu\"}]},{\"@type\":\"WebSite\",\"@id\":\"https:\\\/\\\/humopizza.com\\\/fr\\\/#website\",\"url\":\"https:\\\/\\\/humopizza.com\\\/fr\\\/\",\"name\":\"Humo\",\"description\":\"Pizza en horno de le\u00f1a, y m\u00e1s cosas.\",\"publisher\":{\"@id\":\"https:\\\/\\\/humopizza.com\\\/fr\\\/#organization\"},\"potentialAction\":[{\"@type\":\"SearchAction\",\"target\":{\"@type\":\"EntryPoint\",\"urlTemplate\":\"https:\\\/\\\/humopizza.com\\\/fr\\\/?s={search_term_string}\"},\"query-input\":{\"@type\":\"PropertyValueSpecification\",\"valueRequired\":true,\"valueName\":\"search_term_string\"}}],\"inLanguage\":\"fr-FR\"},{\"@type\":\"Organization\",\"@id\":\"https:\\\/\\\/humopizza.com\\\/fr\\\/#organization\",\"name\":\"Humo Pizza\",\"url\":\"https:\\\/\\\/humopizza.com\\\/fr\\\/\",\"logo\":{\"@type\":\"ImageObject\",\"inLanguage\":\"fr-FR\",\"@id\":\"https:\\\/\\\/humopizza.com\\\/fr\\\/#\\\/schema\\\/logo\\\/image\\\/\",\"url\":\"https:\\\/\\\/humopizza.com\\\/wp-content\\\/uploads\\\/2020\\\/05\\\/humo.jpg\",\"contentUrl\":\"https:\\\/\\\/humopizza.com\\\/wp-content\\\/uploads\\\/2020\\\/05\\\/humo.jpg\",\"width\":800,\"height\":800,\"caption\":\"Humo Pizza\"},\"image\":{\"@id\":\"https:\\\/\\\/humopizza.com\\\/fr\\\/#\\\/schema\\\/logo\\\/image\\\/\"}}]}<\/script>\n<!-- \/ Yoast SEO plugin. -->","yoast_head_json":{"title":"Menu &#8226; Humo","robots":{"index":"index","follow":"follow","max-snippet":"max-snippet:-1","max-image-preview":"max-image-preview:large","max-video-preview":"max-video-preview:-1"},"canonical":"https:\/\/humopizza.com\/fr\/menu-2\/","og_locale":"fr_FR","og_type":"article","og_title":"Menu &#8226; Humo","og_description":"Entr\u00e9es Olives assaissonn\u00e9es 3.5 Pommes de terre \u00e9pic\u00e9es(Avec sauce brava et mayonnaise maison) 7 Falafel(Croquettes de pois chiches, pico de gallo et sauce au yaourt.) 8 Natxos(Avec viande chili maison, sauce au fromage et pico de gallo) 7 \/ 12 Salchipapas(Frites, saucisses artisanales, \u0153ufs et sauce emmy avec une touche \u00e9pic\u00e9e) 13 Sandwichs 1 Poulet [&hellip;]","og_url":"https:\/\/humopizza.com\/fr\/menu-2\/","og_site_name":"Humo","article_modified_time":"2025-10-28T16:31:47+00:00","twitter_card":"summary_large_image","twitter_misc":{"Dur\u00e9e de lecture estim\u00e9e":"2 minutes"},"schema":{"@context":"https:\/\/schema.org","@graph":[{"@type":"WebPage","@id":"https:\/\/humopizza.com\/fr\/menu-2\/","url":"https:\/\/humopizza.com\/fr\/menu-2\/","name":"Menu &#8226; Humo","isPartOf":{"@id":"https:\/\/humopizza.com\/fr\/#website"},"datePublished":"2023-07-28T13:26:05+00:00","dateModified":"2025-10-28T16:31:47+00:00","breadcrumb":{"@id":"https:\/\/humopizza.com\/fr\/menu-2\/#breadcrumb"},"inLanguage":"fr-FR","potentialAction":[{"@type":"ReadAction","target":["https:\/\/humopizza.com\/fr\/menu-2\/"]}]},{"@type":"BreadcrumbList","@id":"https:\/\/humopizza.com\/fr\/menu-2\/#breadcrumb","itemListElement":[{"@type":"ListItem","position":1,"name":"Portada","item":"https:\/\/humopizza.com\/fr\/"},{"@type":"ListItem","position":2,"name":"Menu"}]},{"@type":"WebSite","@id":"https:\/\/humopizza.com\/fr\/#website","url":"https:\/\/humopizza.com\/fr\/","name":"Humo","description":"Pizza en horno de le\u00f1a, y m\u00e1s cosas.","publisher":{"@id":"https:\/\/humopizza.com\/fr\/#organization"},"potentialAction":[{"@type":"SearchAction","target":{"@type":"EntryPoint","urlTemplate":"https:\/\/humopizza.com\/fr\/?s={search_term_string}"},"query-input":{"@type":"PropertyValueSpecification","valueRequired":true,"valueName":"search_term_string"}}],"inLanguage":"fr-FR"},{"@type":"Organization","@id":"https:\/\/humopizza.com\/fr\/#organization","name":"Humo Pizza","url":"https:\/\/humopizza.com\/fr\/","logo":{"@type":"ImageObject","inLanguage":"fr-FR","@id":"https:\/\/humopizza.com\/fr\/#\/schema\/logo\/image\/","url":"https:\/\/humopizza.com\/wp-content\/uploads\/2020\/05\/humo.jpg","contentUrl":"https:\/\/humopizza.com\/wp-content\/uploads\/2020\/05\/humo.jpg","width":800,"height":800,"caption":"Humo Pizza"},"image":{"@id":"https:\/\/humopizza.com\/fr\/#\/schema\/logo\/image\/"}}]}},"uagb_featured_image_src":{"full":false,"thumbnail":false,"medium":false,"medium_large":false,"large":false,"1536x1536":false,"2048x2048":false},"uagb_author_info":{"display_name":"rfs","author_link":"https:\/\/humopizza.com\/fr\/author\/rfs\/"},"uagb_comment_info":0,"uagb_excerpt":"Entr\u00e9es Olives assaissonn\u00e9es 3.5 Pommes de terre \u00e9pic\u00e9es(Avec sauce brava et mayonnaise maison) 7 Falafel(Croquettes de pois chiches, pico de gallo et sauce au yaourt.) 8 Natxos(Avec viande chili maison, sauce au fromage et pico de gallo) 7 \/ 12 Salchipapas(Frites, saucisses artisanales, \u0153ufs et sauce emmy avec une touche \u00e9pic\u00e9e) 13 Sandwichs 1 Poulet\u2026","_links":{"self":[{"href":"https:\/\/humopizza.com\/fr\/wp-json\/wp\/v2\/pages\/786","targetHints":{"allow":["GET"]}}],"collection":[{"href":"https:\/\/humopizza.com\/fr\/wp-json\/wp\/v2\/pages"}],"about":[{"href":"https:\/\/humopizza.com\/fr\/wp-json\/wp\/v2\/types\/page"}],"author":[{"embeddable":true,"href":"https:\/\/humopizza.com\/fr\/wp-json\/wp\/v2\/users\/1"}],"replies":[{"embeddable":true,"href":"https:\/\/humopizza.com\/fr\/wp-json\/wp\/v2\/comments?post=786"}],"version-history":[{"count":0,"href":"https:\/\/humopizza.com\/fr\/wp-json\/wp\/v2\/pages\/786\/revisions"}],"wp:attachment":[{"href":"https:\/\/humopizza.com\/fr\/wp-json\/wp\/v2\/media?parent=786"}],"curies":[{"name":"wp","href":"https:\/\/api.w.org\/{rel}","templated":true}]}}